{"id":212,"date":"2023-04-29T11:55:05","date_gmt":"2023-04-29T16:55:05","guid":{"rendered":"https:\/\/africanfish.ca\/?page_id=212"},"modified":"2023-04-29T12:26:52","modified_gmt":"2023-04-29T17:26:52","slug":"return-policy","status":"publish","type":"page","link":"https:\/\/africanfish.ca\/fr\/return-policy\/","title":{"rendered":"Politique de Retour"},"content":{"rendered":"<h2 class=\"wp-block-heading\"><\/h2><h3 class=\"wp-block-heading\">Annulation de commande<\/h3><p>En raison de la nature p\u00e9rissable de nos produits, nous ne pouvons pas accepter les annulations de commandes une fois qu&#8217;elles ont \u00e9t\u00e9 exp\u00e9di\u00e9es.<\/p><h3 class=\"wp-block-heading\">Produits d\u00e9fectueux ou endommag\u00e9s<\/h3><p>Si vous recevez un produit d\u00e9fectueux ou endommag\u00e9, veuillez nous en informer dans les 24 heures suivant la r\u00e9ception de votre commande. Vous pouvez nous contacter \u00e0 rtotouom@rondpoints.com avec des d\u00e9tails sur le produit et le d\u00e9faut ou le dommage. Nous vous demanderons de nous fournir une preuve photographique du produit d\u00e9fectueux ou endommag\u00e9.<\/p><h3 class=\"wp-block-heading\">Remboursements<\/h3><p>Si nous d\u00e9terminons que le produit est d\u00e9fectueux ou endommag\u00e9, nous vous proposerons un remboursement ou un remplacement. Les remboursements seront effectu\u00e9s par le m\u00eame moyen de paiement que celui que vous avez utilis\u00e9 pour votre commande.<\/p><h3 class=\"wp-block-heading\">Retours<\/h3><p>En raison de la nature p\u00e9rissable de nos produits, nous ne pouvons pas accepter les retours.<\/p><h3 class=\"wp-block-heading\">Contact<\/h3><p>Si vous avez des questions sur notre politique de retour, veuillez nous contacter \u00e0 rtotouom@rondpoints.com.<\/p>","protected":false},"excerpt":{"rendered":"<p>Annulation de commande En raison de la nature p\u00e9rissable de nos produits, nous ne pouvons pas accepter les annulations de commandes une fois qu&#8217;elles ont \u00e9t\u00e9 exp\u00e9di\u00e9es. Produits d\u00e9fectueux ou endommag\u00e9s Si vous recevez un produit d\u00e9fectueux ou endommag\u00e9, veuillez nous en informer dans les 24 heures suivant la r\u00e9ception de votre commande. Vous pouvez [&hellip;]<\/p>","protected":false},"author":1,"featured_media":0,"parent":0,"menu_order":0,"comment_status":"closed","ping_status":"closed","template":"","meta":{"footnotes":""},"class_list":["post-212","page","type-page","status-publish","hentry"],"blocksy_meta":[],"_links":{"self":[{"href":"https:\/\/africanfish.ca\/fr\/wp-json\/wp\/v2\/pages\/212","targetHints":{"allow":["GET"]}}],"collection":[{"href":"https:\/\/africanfish.ca\/fr\/wp-json\/wp\/v2\/pages"}],"about":[{"href":"https:\/\/africanfish.ca\/fr\/wp-json\/wp\/v2\/types\/page"}],"author":[{"embeddable":true,"href":"https:\/\/africanfish.ca\/fr\/wp-json\/wp\/v2\/users\/1"}],"replies":[{"embeddable":true,"href":"https:\/\/africanfish.ca\/fr\/wp-json\/wp\/v2\/comments?post=212"}],"version-history":[{"count":3,"href":"https:\/\/africanfish.ca\/fr\/wp-json\/wp\/v2\/pages\/212\/revisions"}],"predecessor-version":[{"id":235,"href":"https:\/\/africanfish.ca\/fr\/wp-json\/wp\/v2\/pages\/212\/revisions\/235"}],"wp:attachment":[{"href":"https:\/\/africanfish.ca\/fr\/wp-json\/wp\/v2\/media?parent=212"}],"curies":[{"name":"wp","href":"https:\/\/api.w.org\/{rel}","templated":true}]}}