{"id":213,"date":"2023-04-29T11:55:05","date_gmt":"2023-04-29T16:55:05","guid":{"rendered":"https:\/\/africanfish.ca\/?page_id=213"},"modified":"2023-04-29T12:16:48","modified_gmt":"2023-04-29T17:16:48","slug":"disclaimer","status":"publish","type":"page","link":"https:\/\/africanfish.ca\/fr\/disclaimer\/","title":{"rendered":"Disclaimer"},"content":{"rendered":"<p>afrincanfish.ca vend des produits de poissons congel\u00e9s destin\u00e9s \u00e0 la consommation. Bien que nous nous effor\u00e7ons de fournir des produits de la plus haute qualit\u00e9, nous ne pouvons pas garantir que les produits seront toujours conformes aux attentes des clients.<\/p><p>Nous ne sommes pas responsables de tout dommage ou maladie qui pourrait survenir \u00e0 la suite de la consommation de nos produits. Cela inclut, sans s&#8217;y limiter, les r\u00e9actions allergiques, l&#8217;intoxication alimentaire, et tout autre probl\u00e8me de sant\u00e9 qui pourrait survenir.<\/p><p>Nous recommandons fortement aux clients de manipuler et de pr\u00e9parer correctement tous les produits de poissons congel\u00e9s, conform\u00e9ment aux directives de s\u00e9curit\u00e9 alimentaire appropri\u00e9es. Cela comprend, sans s&#8217;y limiter, le d\u00e9cong\u00e9lation appropri\u00e9e des produits de poissons, la cuisson \u00e0 des temp\u00e9ratures appropri\u00e9es et le stockage s\u00fbr des aliments.<\/p><p>En achetant nos produits, vous acceptez cette clause de non-responsabilit\u00e9 et acceptez de ne pas tenir africanfish.ca responsable de tout probl\u00e8me qui pourrait survenir \u00e0 la suite de l&#8217;utilisation de nos produits.<\/p><p>Si vous n&#8217;\u00eates pas d&#8217;accord avec cette clause de non-responsabilit\u00e9, veuillez ne pas acheter nos produits.<\/p>","protected":false},"excerpt":{"rendered":"<p>afrincanfish.ca vend des produits de poissons congel\u00e9s destin\u00e9s \u00e0 la consommation. Bien que nous nous effor\u00e7ons de fournir des produits de la plus haute qualit\u00e9, nous ne pouvons pas garantir que les produits seront toujours conformes aux attentes des clients. Nous ne sommes pas responsables de tout dommage ou maladie qui pourrait survenir \u00e0 la [&hellip;]<\/p>","protected":false},"author":1,"featured_media":0,"parent":0,"menu_order":0,"comment_status":"closed","ping_status":"closed","template":"","meta":{"footnotes":""},"class_list":["post-213","page","type-page","status-publish","hentry"],"blocksy_meta":[],"_links":{"self":[{"href":"https:\/\/africanfish.ca\/fr\/wp-json\/wp\/v2\/pages\/213","targetHints":{"allow":["GET"]}}],"collection":[{"href":"https:\/\/africanfish.ca\/fr\/wp-json\/wp\/v2\/pages"}],"about":[{"href":"https:\/\/africanfish.ca\/fr\/wp-json\/wp\/v2\/types\/page"}],"author":[{"embeddable":true,"href":"https:\/\/africanfish.ca\/fr\/wp-json\/wp\/v2\/users\/1"}],"replies":[{"embeddable":true,"href":"https:\/\/africanfish.ca\/fr\/wp-json\/wp\/v2\/comments?post=213"}],"version-history":[{"count":3,"href":"https:\/\/africanfish.ca\/fr\/wp-json\/wp\/v2\/pages\/213\/revisions"}],"predecessor-version":[{"id":229,"href":"https:\/\/africanfish.ca\/fr\/wp-json\/wp\/v2\/pages\/213\/revisions\/229"}],"wp:attachment":[{"href":"https:\/\/africanfish.ca\/fr\/wp-json\/wp\/v2\/media?parent=213"}],"curies":[{"name":"wp","href":"https:\/\/api.w.org\/{rel}","templated":true}]}}