{"id":131,"date":"2023-03-26T10:01:34","date_gmt":"2023-03-26T15:01:34","guid":{"rendered":"https:\/\/africanfish.ca\/?post_type=product&#038;p=131"},"modified":"2023-11-06T12:45:33","modified_gmt":"2023-11-06T17:45:33","slug":"variado-variete","status":"publish","type":"product","link":"https:\/\/africanfish.ca\/fr\/produit\/variado-variete\/","title":{"rendered":"Variado \/ Vari\u00e9t\u00e9"},"content":{"rendered":"<p><span style=\"vertical-align: inherit\"><span style=\"vertical-align: inherit\"><span style=\"vertical-align: inherit\"><span style=\"vertical-align: inherit\"><span style=\"vertical-align: inherit\"><span style=\"vertical-align: inherit\"><span style=\"vertical-align: inherit\"><span style=\"vertical-align: inherit\"><span style=\"vertical-align: inherit\"><span style=\"vertical-align: inherit\"><span style=\"vertical-align: inherit\"><span style=\"vertical-align: inherit\">Vous cherchez une mani\u00e8re excitante de d\u00e9couvrir de nouvelles vari\u00e9t\u00e9s de poisson ? <\/span><\/span><\/span><\/span><\/span><\/span><\/span><\/span><\/span><\/span><\/span><span style=\"vertical-align: inherit\"><span style=\"vertical-align: inherit\"><span style=\"vertical-align: inherit\"><span style=\"vertical-align: inherit\"><span style=\"vertical-align: inherit\"><span style=\"vertical-align: inherit\"><span style=\"vertical-align: inherit\"><span style=\"vertical-align: inherit\"><span style=\"vertical-align: inherit\"><span style=\"vertical-align: inherit\"><span style=\"vertical-align: inherit\">Notre carton contient une s\u00e9lection al\u00e9atoire de poissons d\u00e9licieux, pour les amateurs de poissons curieux de go\u00fbter de nouvelles esp\u00e8ces. <\/span><\/span><\/span><\/span><\/span><\/span><\/span><\/span><\/span><\/span><\/span><span style=\"vertical-align: inherit\"><span style=\"vertical-align: inherit\"><span style=\"vertical-align: inherit\"><span style=\"vertical-align: inherit\"><span style=\"vertical-align: inherit\"><span style=\"vertical-align: inherit\"><span style=\"vertical-align: inherit\"><span style=\"vertical-align: inherit\"><span style=\"vertical-align: inherit\"><span style=\"vertical-align: inherit\"><span style=\"vertical-align: inherit\">Avec une vari\u00e9t\u00e9 de poissons soigneusement s\u00e9lectionn\u00e9s, notre carton est le choix id\u00e9al pour ceux qui cherchent \u00e0 diversifier leur palette gustative. <\/span><\/span><\/span><\/span><\/span><\/span><\/span><\/span><\/span><\/span><\/span><span style=\"vertical-align: inherit\"><span style=\"vertical-align: inherit\"><span style=\"vertical-align: inherit\"><span style=\"vertical-align: inherit\"><span style=\"vertical-align: inherit\"><span style=\"vertical-align: inherit\"><span style=\"vertical-align: inherit\"><span style=\"vertical-align: inherit\"><span style=\"vertical-align: inherit\"><span style=\"vertical-align: inherit\"><span style=\"vertical-align: inherit\">Laissez-nous vous guider dans un voyage culinaire avec inoubliable notre carton de poissons surprise !<\/span><\/span><\/span><\/span><\/span><\/span><\/span><\/span><\/span><\/span><\/span><\/span><\/p>","protected":false},"excerpt":{"rendered":"<p><span style=\"vertical-align: inherit\"><span style=\"vertical-align: inherit\"><span style=\"vertical-align: inherit\"><span style=\"vertical-align: inherit\"><span style=\"vertical-align: inherit\">Vous cherchez une mani\u00e8re excitante de d\u00e9couvrir de nouvelles vari\u00e9t\u00e9s de poisson ? <\/span><\/span><\/span><span style=\"vertical-align: inherit\"><span style=\"vertical-align: inherit\"><span style=\"vertical-align: inherit\">Notre carton contient une s\u00e9lection al\u00e9atoire de poissons d\u00e9licieux, pour les amateurs de poissons curieux de go\u00fbter de nouvelles esp\u00e8ces. <\/span><\/span><\/span><span style=\"vertical-align: inherit\"><span style=\"vertical-align: inherit\"><span style=\"vertical-align: inherit\">Avec une vari\u00e9t\u00e9 de poissons soigneusement s\u00e9lectionn\u00e9s, notre carton est le choix id\u00e9al pour ceux qui cherchent \u00e0 diversifier leur palette gustative. <\/span><\/span><\/span><span style=\"vertical-align: inherit\"><span style=\"vertical-align: inherit\"><span style=\"vertical-align: inherit\">Laissez-nous vous guider dans un voyage culinaire avec inoubliable notre carton de poissons surprise !<\/span><\/span><\/span><\/span><\/span><\/p>","protected":false},"featured_media":132,"comment_status":"open","ping_status":"closed","template":"","meta":[],"product_cat":[42],"product_tag":[34,33],"class_list":{"0":"post-131","1":"product","2":"type-product","3":"status-publish","4":"has-post-thumbnail","6":"product_cat-poissons-frais-congeles","7":"product_tag-variado","8":"product_tag-variete","10":"first","11":"instock","12":"featured","13":"taxable","14":"shipping-taxable","15":"product-type-simple"},"_links":{"self":[{"href":"https:\/\/africanfish.ca\/fr\/wp-json\/wp\/v2\/product\/131","targetHints":{"allow":["GET"]}}],"collection":[{"href":"https:\/\/africanfish.ca\/fr\/wp-json\/wp\/v2\/product"}],"about":[{"href":"https:\/\/africanfish.ca\/fr\/wp-json\/wp\/v2\/types\/product"}],"replies":[{"embeddable":true,"href":"https:\/\/africanfish.ca\/fr\/wp-json\/wp\/v2\/comments?post=131"}],"version-history":[{"count":7,"href":"https:\/\/africanfish.ca\/fr\/wp-json\/wp\/v2\/product\/131\/revisions"}],"predecessor-version":[{"id":652,"href":"https:\/\/africanfish.ca\/fr\/wp-json\/wp\/v2\/product\/131\/revisions\/652"}],"wp:featuredmedia":[{"embeddable":true,"href":"https:\/\/africanfish.ca\/fr\/wp-json\/wp\/v2\/media\/132"}],"wp:attachment":[{"href":"https:\/\/africanfish.ca\/fr\/wp-json\/wp\/v2\/media?parent=131"}],"wp:term":[{"taxonomy":"product_cat","embeddable":true,"href":"https:\/\/africanfish.ca\/fr\/wp-json\/wp\/v2\/product_cat?post=131"},{"taxonomy":"product_tag","embeddable":true,"href":"https:\/\/africanfish.ca\/fr\/wp-json\/wp\/v2\/product_tag?post=131"}],"curies":[{"name":"wp","href":"https:\/\/api.w.org\/{rel}","templated":true}]}}