{"id":142,"date":"2023-03-26T11:12:30","date_gmt":"2023-03-26T16:12:30","guid":{"rendered":"https:\/\/africanfish.ca\/?post_type=product&#038;p=142"},"modified":"2026-04-12T08:25:57","modified_gmt":"2026-04-12T13:25:57","slug":"dorades-rouges-ou-pagre","status":"publish","type":"product","link":"https:\/\/africanfish.ca\/fr\/produit\/dorades-rouges-ou-pagre\/","title":{"rendered":"Dorades roses"},"content":{"rendered":"","protected":false},"excerpt":{"rendered":"<p><span style=\"vertical-align: inherit\"><span style=\"vertical-align: inherit\"><span style=\"vertical-align: inherit\"><span style=\"vertical-align: inherit\"><span style=\"vertical-align: inherit\"><span style=\"vertical-align: inherit\"><span style=\"vertical-align: inherit\"><span style=\"vertical-align: inherit\"><span style=\"vertical-align: inherit\"><span style=\"vertical-align: inherit\"><span style=\"vertical-align: inherit\"><span style=\"vertical-align: inherit\"><span style=\"vertical-align: inherit\">De la m\u00eame famille que ses &#8220;cousins&#8221; (dorades m\u00e9tiss\u00e9es et grises, etc.) la Dorade Rose est un poisson exquis. <\/span><\/span><\/span><\/span><\/span><\/span><\/span><\/span><\/span><\/span><\/span><span style=\"vertical-align: inherit\"><span style=\"vertical-align: inherit\"><span style=\"vertical-align: inherit\"><span style=\"vertical-align: inherit\"><span style=\"vertical-align: inherit\"><span style=\"vertical-align: inherit\"><span style=\"vertical-align: inherit\"><span style=\"vertical-align: inherit\"><span style=\"vertical-align: inherit\"><span style=\"vertical-align: inherit\"><span style=\"vertical-align: inherit\">Sa saveur douce et d\u00e9licate la rend pour une vari\u00e9t\u00e9 parfaite de pr\u00e9parations culinaires, telles que la friture, la cuisson au four ou la po\u00eal\u00e9e, pour une explosion de saveur en bouche \u00e0 nul pareil.\u00a0<\/span><\/span><\/span><\/span><\/span><\/span><\/span><\/span><\/span><\/span><\/span><\/span><\/span><\/p>","protected":false},"featured_media":310,"comment_status":"open","ping_status":"closed","template":"","meta":[],"product_cat":[42],"product_tag":[40],"class_list":{"0":"post-142","1":"product","2":"type-product","3":"status-publish","4":"has-post-thumbnail","6":"product_cat-poissons-frais-congeles","7":"product_tag-pagre","9":"first","10":"instock","11":"featured","12":"taxable","13":"shipping-taxable","14":"product-type-variable"},"_links":{"self":[{"href":"https:\/\/africanfish.ca\/fr\/wp-json\/wp\/v2\/product\/142","targetHints":{"allow":["GET"]}}],"collection":[{"href":"https:\/\/africanfish.ca\/fr\/wp-json\/wp\/v2\/product"}],"about":[{"href":"https:\/\/africanfish.ca\/fr\/wp-json\/wp\/v2\/types\/product"}],"replies":[{"embeddable":true,"href":"https:\/\/africanfish.ca\/fr\/wp-json\/wp\/v2\/comments?post=142"}],"version-history":[{"count":10,"href":"https:\/\/africanfish.ca\/fr\/wp-json\/wp\/v2\/product\/142\/revisions"}],"predecessor-version":[{"id":735,"href":"https:\/\/africanfish.ca\/fr\/wp-json\/wp\/v2\/product\/142\/revisions\/735"}],"wp:featuredmedia":[{"embeddable":true,"href":"https:\/\/africanfish.ca\/fr\/wp-json\/wp\/v2\/media\/310"}],"wp:attachment":[{"href":"https:\/\/africanfish.ca\/fr\/wp-json\/wp\/v2\/media?parent=142"}],"wp:term":[{"taxonomy":"product_cat","embeddable":true,"href":"https:\/\/africanfish.ca\/fr\/wp-json\/wp\/v2\/product_cat?post=142"},{"taxonomy":"product_tag","embeddable":true,"href":"https:\/\/africanfish.ca\/fr\/wp-json\/wp\/v2\/product_tag?post=142"}],"curies":[{"name":"wp","href":"https:\/\/api.w.org\/{rel}","templated":true}]}}