{"id":16,"date":"2023-02-18T11:35:51","date_gmt":"2023-02-18T16:35:51","guid":{"rendered":"http:\/\/africanfish.ca\/?post_type=product&#038;p=16"},"modified":"2026-04-06T00:26:48","modified_gmt":"2026-04-06T05:26:48","slug":"poisson-petite-tete-sosso","status":"publish","type":"product","link":"https:\/\/africanfish.ca\/fr\/produit\/poisson-petite-tete-sosso\/","title":{"rendered":"Bar Petite T\u00eate  \/ Bar Sosso"},"content":{"rendered":"<p><span style=\"vertical-align: inherit\"><span style=\"vertical-align: inherit\"><span style=\"vertical-align: inherit\"><span style=\"vertical-align: inherit\">Le bar Petite T\u00eate Sosso est une esp\u00e8ce de poisson d&#8217;eau douce qui poss\u00e8de un corps allong\u00e9 et une petite t\u00eate caract\u00e9ristique. <\/span><\/span><\/span><span style=\"vertical-align: inherit\"><span style=\"vertical-align: inherit\"><span style=\"vertical-align: inherit\">Sa couleur est g\u00e9n\u00e9ralement beige dor\u00e9, avec des reflets m\u00e9talliques argent\u00e9s qui ajoutent une touche de luminosit\u00e9 \u00e0 son aspect.<\/span><\/span><\/span><\/span><\/p>\n<p><span style=\"vertical-align: inherit\"><span style=\"vertical-align: inherit\"><span style=\"vertical-align: inherit\"><span style=\"vertical-align: inherit\">Ce poisson est tr\u00e8s appr\u00e9ci\u00e9 pour sa chair tendre et d\u00e9licate, avec une saveur subtile rappelant les fruits de mer. <\/span><\/span><\/span><span style=\"vertical-align: inherit\"><span style=\"vertical-align: inherit\"><span style=\"vertical-align: inherit\">Il est id\u00e9al pour les plats grill\u00e9s, r\u00f4tis ou cuits \u00e0 la vapeur, et peut \u00eatre garni d&#8217;herbes fra\u00eeches, de jus de citron ou d&#8217;autres ingr\u00e9dients pour une explosion de saveurs en bouche.<\/span><\/span><\/span><\/span><\/p>\n<p><span style=\"vertical-align: inherit\"><span style=\"vertical-align: inherit\"><span style=\"vertical-align: inherit\"><span style=\"vertical-align: inherit\">En plus de son go\u00fbt d\u00e9licieux, le poisson Petite T\u00eate Sosso est \u00e9galement une riche source de prot\u00e9ines, d&#8217;acides gras om\u00e9ga-3 et de vitamines et min\u00e9raux essentiels. <\/span><\/span><\/span><span style=\"vertical-align: inherit\"><span style=\"vertical-align: inherit\"><span style=\"vertical-align: inherit\">C&#8217;est donc un choix sain et nutritif pour les amateurs de fruits de mer.<\/span><\/span><\/span><\/span><\/p>\n<p><span style=\"vertical-align: inherit\"><span style=\"vertical-align: inherit\"><span style=\"vertical-align: inherit\"><span style=\"vertical-align: inherit\">En r\u00e9sum\u00e9, si vous recherchez un poisson d\u00e9licieux, tendre et sain \u00e0 inclure dans vos repas, le poisson Petite T\u00eate Sosso est une excellente option \u00e0 consid\u00e9rer.<\/span><\/span><\/span><\/span><\/p>","protected":false},"excerpt":{"rendered":"<p><span style=\"vertical-align: inherit\"><span style=\"vertical-align: inherit\"><span style=\"vertical-align: inherit\"><span style=\"vertical-align: inherit\">Le bar Petite T\u00eate Sosso est un d\u00e9licieux poisson d&#8217;eau douce \u00e0 la chaise tendre et savoureuse, riche en nutriments essentiels tels que prot\u00e9ines, acides gras om\u00e9ga-3, vitamines et min\u00e9raux, id\u00e9al pour une vari\u00e9t\u00e9 de plats de fruits de mer.<\/span><\/span><\/span><\/span><\/p>","protected":false},"featured_media":23,"comment_status":"open","ping_status":"closed","template":"","meta":[],"product_cat":[42],"product_tag":[39,38],"class_list":{"0":"post-16","1":"product","2":"type-product","3":"status-publish","4":"has-post-thumbnail","6":"product_cat-poissons-frais-congeles","7":"product_tag-ombrine","8":"product_tag-sosso","10":"first","11":"instock","12":"taxable","13":"shipping-taxable","14":"product-type-variable"},"_links":{"self":[{"href":"https:\/\/africanfish.ca\/fr\/wp-json\/wp\/v2\/product\/16","targetHints":{"allow":["GET"]}}],"collection":[{"href":"https:\/\/africanfish.ca\/fr\/wp-json\/wp\/v2\/product"}],"about":[{"href":"https:\/\/africanfish.ca\/fr\/wp-json\/wp\/v2\/types\/product"}],"replies":[{"embeddable":true,"href":"https:\/\/africanfish.ca\/fr\/wp-json\/wp\/v2\/comments?post=16"}],"version-history":[{"count":9,"href":"https:\/\/africanfish.ca\/fr\/wp-json\/wp\/v2\/product\/16\/revisions"}],"predecessor-version":[{"id":711,"href":"https:\/\/africanfish.ca\/fr\/wp-json\/wp\/v2\/product\/16\/revisions\/711"}],"wp:featuredmedia":[{"embeddable":true,"href":"https:\/\/africanfish.ca\/fr\/wp-json\/wp\/v2\/media\/23"}],"wp:attachment":[{"href":"https:\/\/africanfish.ca\/fr\/wp-json\/wp\/v2\/media?parent=16"}],"wp:term":[{"taxonomy":"product_cat","embeddable":true,"href":"https:\/\/africanfish.ca\/fr\/wp-json\/wp\/v2\/product_cat?post=16"},{"taxonomy":"product_tag","embeddable":true,"href":"https:\/\/africanfish.ca\/fr\/wp-json\/wp\/v2\/product_tag?post=16"}],"curies":[{"name":"wp","href":"https:\/\/api.w.org\/{rel}","templated":true}]}}