{"id":27,"date":"2023-02-25T14:36:03","date_gmt":"2023-02-25T19:36:03","guid":{"rendered":"https:\/\/africanfish.ca\/?post_type=product&#038;p=27"},"modified":"2026-03-11T18:18:50","modified_gmt":"2026-03-11T23:18:50","slug":"disque-saint-pierre","status":"publish","type":"product","link":"https:\/\/africanfish.ca\/fr\/produit\/disque-saint-pierre\/","title":{"rendered":"Disque : Saint Pierre"},"content":{"rendered":"<p><span style=\"vertical-align: inherit\"><span style=\"vertical-align: inherit\"><span style=\"vertical-align: inherit\"><span style=\"vertical-align: inherit\"><span style=\"vertical-align: inherit\"><span style=\"vertical-align: inherit\"><span style=\"vertical-align: inherit\"><span style=\"vertical-align: inherit\"><span style=\"vertical-align: inherit\"><span style=\"vertical-align: inherit\"><span style=\"vertical-align: inherit\"><span style=\"vertical-align: inherit\">Les disques Saint Pierre sont des poissons d&#8217;eau sal\u00e9e au go\u00fbt d\u00e9licat et raffin\u00e9, avec une texture ferme et juteuse qui les rend parfaits pour la grillade, la cuisson au four ou la po\u00eal\u00e9e. <\/span><\/span><\/span><\/span><\/span><\/span><\/span><\/span><\/span><\/span><\/span><span style=\"vertical-align: inherit\"><span style=\"vertical-align: inherit\"><span style=\"vertical-align: inherit\"><span style=\"vertical-align: inherit\"><span style=\"vertical-align: inherit\"><span style=\"vertical-align: inherit\"><span style=\"vertical-align: inherit\"><span style=\"vertical-align: inherit\"><span style=\"vertical-align: inherit\"><span style=\"vertical-align: inherit\"><span style=\"vertical-align: inherit\">Leur chair blanche et l\u00e9g\u00e8re est une excellente source de prot\u00e9ines maigres, de vitamines et de min\u00e9raux, tandis que leur teneur en mati\u00e8res grasses est tr\u00e8s faible. <\/span><\/span><\/span><\/span><\/span><\/span><\/span><\/span><\/span><\/span><\/span><span style=\"vertical-align: inherit\"><span style=\"vertical-align: inherit\"><span style=\"vertical-align: inherit\"><span style=\"vertical-align: inherit\"><span style=\"vertical-align: inherit\"><span style=\"vertical-align: inherit\"><span style=\"vertical-align: inherit\"><span style=\"vertical-align: inherit\"><span style=\"vertical-align: inherit\"><span style=\"vertical-align: inherit\"><span style=\"vertical-align: inherit\">Avec leur apparence distinctive et leur saveur exquise, les disques Saint Pierre sont un choix parfait pour les amateurs de fruits de mer les plus exigeants, ainsi que pour les chefs qui cherchent \u00e0 ajouter une touche de sophistication \u00e0 leurs plats.<\/span><\/span><\/span><\/span><\/span><\/span><\/span><\/span><\/span><\/span><\/span><\/span><\/p>","protected":false},"excerpt":{"rendered":"<p><span style=\"vertical-align: inherit\"><span style=\"vertical-align: inherit\"><span style=\"vertical-align: inherit\"><span style=\"vertical-align: inherit\"><span style=\"vertical-align: inherit\"><span style=\"vertical-align: inherit\"><span style=\"vertical-align: inherit\"><span style=\"vertical-align: inherit\"><span style=\"vertical-align: inherit\"><span style=\"vertical-align: inherit\"><span style=\"vertical-align: inherit\"><span style=\"vertical-align: inherit\">Les disques Saint Pierre sont des poissons d&#8217;eau sal\u00e9e au go\u00fbt d\u00e9licat et \u00e0 la texture ferme, riches en prot\u00e9ines maigres, vitamines et min\u00e9raux, et adapt\u00e9s \u00e0 la grillade, la cuisson au four ou la po\u00eal\u00e9e, faisant d&#8217;eux un choix id\u00e9al pour les amateurs de fruits de mer exigeants et les chefs en qu\u00eate de sophistication.<\/span><\/span><\/span><\/span><\/span><\/span><\/span><\/span><\/span><\/span><\/span><\/span><\/p>","protected":false},"featured_media":28,"comment_status":"open","ping_status":"closed","template":"","meta":[],"product_cat":[42],"product_tag":[],"class_list":{"0":"post-27","1":"product","2":"type-product","3":"status-publish","4":"has-post-thumbnail","6":"product_cat-poissons-frais-congeles","8":"first","9":"instock","10":"taxable","11":"shipping-taxable","12":"product-type-variable","13":"has-default-attributes"},"_links":{"self":[{"href":"https:\/\/africanfish.ca\/fr\/wp-json\/wp\/v2\/product\/27","targetHints":{"allow":["GET"]}}],"collection":[{"href":"https:\/\/africanfish.ca\/fr\/wp-json\/wp\/v2\/product"}],"about":[{"href":"https:\/\/africanfish.ca\/fr\/wp-json\/wp\/v2\/types\/product"}],"replies":[{"embeddable":true,"href":"https:\/\/africanfish.ca\/fr\/wp-json\/wp\/v2\/comments?post=27"}],"version-history":[{"count":5,"href":"https:\/\/africanfish.ca\/fr\/wp-json\/wp\/v2\/product\/27\/revisions"}],"predecessor-version":[{"id":686,"href":"https:\/\/africanfish.ca\/fr\/wp-json\/wp\/v2\/product\/27\/revisions\/686"}],"wp:featuredmedia":[{"embeddable":true,"href":"https:\/\/africanfish.ca\/fr\/wp-json\/wp\/v2\/media\/28"}],"wp:attachment":[{"href":"https:\/\/africanfish.ca\/fr\/wp-json\/wp\/v2\/media?parent=27"}],"wp:term":[{"taxonomy":"product_cat","embeddable":true,"href":"https:\/\/africanfish.ca\/fr\/wp-json\/wp\/v2\/product_cat?post=27"},{"taxonomy":"product_tag","embeddable":true,"href":"https:\/\/africanfish.ca\/fr\/wp-json\/wp\/v2\/product_tag?post=27"}],"curies":[{"name":"wp","href":"https:\/\/api.w.org\/{rel}","templated":true}]}}