{"id":33,"date":"2023-02-25T14:47:26","date_gmt":"2023-02-25T19:47:26","guid":{"rendered":"https:\/\/africanfish.ca\/?post_type=product&#038;p=33"},"modified":"2023-06-28T11:07:57","modified_gmt":"2023-06-28T16:07:57","slug":"simpotte-dorades-metissees","status":"publish","type":"product","link":"https:\/\/africanfish.ca\/fr\/produit\/simpotte-dorades-metissees\/","title":{"rendered":"Sompotes \/ Dorades Metissees"},"content":{"rendered":"<p><span style=\"vertical-align: inherit\"><span style=\"vertical-align: inherit\"><span style=\"vertical-align: inherit\"><span style=\"vertical-align: inherit\"><span style=\"vertical-align: inherit\"><span style=\"vertical-align: inherit\"><span style=\"vertical-align: inherit\">De la m\u00eame famille que ses &#8220;cousins&#8221; (dorades roses et grises, etc) la dorade m\u00e9tiss\u00e9e est un poisson dit royale. <\/span><\/span><\/span><\/span><\/span><span style=\"vertical-align: inherit\"><span style=\"vertical-align: inherit\"><span style=\"vertical-align: inherit\"><span style=\"vertical-align: inherit\"><span style=\"vertical-align: inherit\">Sa saveur est douce et d\u00e9licate les rend parfaits pour une vari\u00e9t\u00e9 de pr\u00e9parations culinaires, telles que la friture, la cuisson au four ou la po\u00eal\u00e9e, pour une explosion de saveur en bouche \u00e0 nul autre pareil.<\/span><\/span><\/span><\/span><\/span><\/span><\/span><\/p>","protected":false},"excerpt":{"rendered":"<p><span style=\"vertical-align: inherit\"><span style=\"vertical-align: inherit\"><span style=\"vertical-align: inherit\"><span style=\"vertical-align: inherit\"><span style=\"vertical-align: inherit\"><span style=\"vertical-align: inherit\"><span style=\"vertical-align: inherit\">De la m\u00eame famille que ses &#8220;cousins&#8221; (dorades roses et grises, etc) la dorade m\u00e9tiss\u00e9e est un poisson dit royale. <\/span><\/span><\/span><\/span><\/span><span style=\"vertical-align: inherit\"><span style=\"vertical-align: inherit\"><span style=\"vertical-align: inherit\"><span style=\"vertical-align: inherit\"><span style=\"vertical-align: inherit\">Sa saveur est douce et d\u00e9licate les rend parfaits pour une vari\u00e9t\u00e9 de pr\u00e9parations culinaires, telles que la friture, la cuisson au four ou la po\u00eal\u00e9e, pour une explosion de saveur en bouche \u00e0 nul autre pareil.\u00a0<\/span><\/span><\/span><\/span><\/span><\/span><\/span><\/p>","protected":false},"featured_media":34,"comment_status":"open","ping_status":"closed","template":"","meta":[],"product_cat":[42],"product_tag":[],"class_list":{"0":"post-33","1":"product","2":"type-product","3":"status-publish","4":"has-post-thumbnail","6":"product_cat-poissons-frais-congeles","8":"first","9":"outofstock","10":"taxable","11":"shipping-taxable","12":"product-type-variable","13":"has-default-attributes"},"_links":{"self":[{"href":"https:\/\/africanfish.ca\/fr\/wp-json\/wp\/v2\/product\/33","targetHints":{"allow":["GET"]}}],"collection":[{"href":"https:\/\/africanfish.ca\/fr\/wp-json\/wp\/v2\/product"}],"about":[{"href":"https:\/\/africanfish.ca\/fr\/wp-json\/wp\/v2\/types\/product"}],"replies":[{"embeddable":true,"href":"https:\/\/africanfish.ca\/fr\/wp-json\/wp\/v2\/comments?post=33"}],"version-history":[{"count":8,"href":"https:\/\/africanfish.ca\/fr\/wp-json\/wp\/v2\/product\/33\/revisions"}],"predecessor-version":[{"id":596,"href":"https:\/\/africanfish.ca\/fr\/wp-json\/wp\/v2\/product\/33\/revisions\/596"}],"wp:featuredmedia":[{"embeddable":true,"href":"https:\/\/africanfish.ca\/fr\/wp-json\/wp\/v2\/media\/34"}],"wp:attachment":[{"href":"https:\/\/africanfish.ca\/fr\/wp-json\/wp\/v2\/media?parent=33"}],"wp:term":[{"taxonomy":"product_cat","embeddable":true,"href":"https:\/\/africanfish.ca\/fr\/wp-json\/wp\/v2\/product_cat?post=33"},{"taxonomy":"product_tag","embeddable":true,"href":"https:\/\/africanfish.ca\/fr\/wp-json\/wp\/v2\/product_tag?post=33"}],"curies":[{"name":"wp","href":"https:\/\/api.w.org\/{rel}","templated":true}]}}