{"id":35,"date":"2023-02-25T14:49:54","date_gmt":"2023-02-25T19:49:54","guid":{"rendered":"https:\/\/africanfish.ca\/?post_type=product&#038;p=35"},"modified":"2026-02-12T14:36:03","modified_gmt":"2026-02-12T19:36:03","slug":"beurre-courbines","status":"publish","type":"product","link":"https:\/\/africanfish.ca\/fr\/produit\/beurre-courbines\/","title":{"rendered":"Beurre : Courbines"},"content":{"rendered":"<p><span style=\"vertical-align: inherit\"><span style=\"vertical-align: inherit\"><span style=\"vertical-align: inherit\"><span style=\"vertical-align: inherit\"><span style=\"vertical-align: inherit\"><span style=\"vertical-align: inherit\"><span style=\"vertical-align: inherit\"><span style=\"vertical-align: inherit\"><span style=\"vertical-align: inherit\"><span style=\"vertical-align: inherit\">Le Beurre Courbine est un poisson \u00e0 chaise blanche et ferme, d\u00e9licatement parfum\u00e9 et sans ar\u00eates, id\u00e9al pour la pr\u00e9paration de plats raffin\u00e9s tels que les papillotes, les grillades ou les sushis. <\/span><\/span><\/span><\/span><\/span><\/span><\/span><\/span><\/span><span style=\"vertical-align: inherit\"><span style=\"vertical-align: inherit\"><span style=\"vertical-align: inherit\"><span style=\"vertical-align: inherit\"><span style=\"vertical-align: inherit\"><span style=\"vertical-align: inherit\"><span style=\"vertical-align: inherit\"><span style=\"vertical-align: inherit\"><span style=\"vertical-align: inherit\">Riches en prot\u00e9ines de qualit\u00e9, vitamines et min\u00e9raux, les Beurres Courbines sont \u00e9galement une excellente source d&#8217;acides gras om\u00e9ga-3, b\u00e9n\u00e9fiques pour la sant\u00e9 cardiovasculaire. <\/span><\/span><\/span><\/span><\/span><\/span><\/span><\/span><\/span><span style=\"vertical-align: inherit\"><span style=\"vertical-align: inherit\"><span style=\"vertical-align: inherit\"><span style=\"vertical-align: inherit\"><span style=\"vertical-align: inherit\"><span style=\"vertical-align: inherit\"><span style=\"vertical-align: inherit\"><span style=\"vertical-align: inherit\"><span style=\"vertical-align: inherit\">Avec leur texture lisse et leur saveur subtile, les Beurres Courbines sont un choix id\u00e9al pour les amateurs de poissons fins et les chefs qui cherchent \u00e0 ajouter une touche d&#8217;\u00e9l\u00e9gance \u00e0 leurs plats.<\/span><\/span><\/span><\/span><\/span><\/span><\/span><\/span><\/span><\/span><\/p>","protected":false},"excerpt":{"rendered":"<p><span style=\"vertical-align: inherit\"><span style=\"vertical-align: inherit\"><span style=\"vertical-align: inherit\"><span style=\"vertical-align: inherit\"><span style=\"vertical-align: inherit\"><span style=\"vertical-align: inherit\"><span style=\"vertical-align: inherit\"><span style=\"vertical-align: inherit\"><span style=\"vertical-align: inherit\"><span style=\"vertical-align: inherit\">Le Beurre Courbine est un poisson \u00e0 la chaise blanche et ferme, d\u00e9licatement parfum\u00e9, riche en prot\u00e9ines, vitamines et min\u00e9raux, id\u00e9al pour les plats fins tels que les papillotes, grillades ou sushis.<\/span><\/span><\/span><\/span><\/span><\/span><\/span><\/span><\/span><\/span><\/p>","protected":false},"featured_media":714,"comment_status":"open","ping_status":"closed","template":"","meta":[],"product_cat":[42],"product_tag":[],"class_list":{"0":"post-35","1":"product","2":"type-product","3":"status-publish","4":"has-post-thumbnail","6":"product_cat-poissons-frais-congeles","8":"first","9":"instock","10":"taxable","11":"shipping-taxable","12":"product-type-variable","13":"has-default-attributes"},"_links":{"self":[{"href":"https:\/\/africanfish.ca\/fr\/wp-json\/wp\/v2\/product\/35","targetHints":{"allow":["GET"]}}],"collection":[{"href":"https:\/\/africanfish.ca\/fr\/wp-json\/wp\/v2\/product"}],"about":[{"href":"https:\/\/africanfish.ca\/fr\/wp-json\/wp\/v2\/types\/product"}],"replies":[{"embeddable":true,"href":"https:\/\/africanfish.ca\/fr\/wp-json\/wp\/v2\/comments?post=35"}],"version-history":[{"count":4,"href":"https:\/\/africanfish.ca\/fr\/wp-json\/wp\/v2\/product\/35\/revisions"}],"predecessor-version":[{"id":716,"href":"https:\/\/africanfish.ca\/fr\/wp-json\/wp\/v2\/product\/35\/revisions\/716"}],"wp:featuredmedia":[{"embeddable":true,"href":"https:\/\/africanfish.ca\/fr\/wp-json\/wp\/v2\/media\/714"}],"wp:attachment":[{"href":"https:\/\/africanfish.ca\/fr\/wp-json\/wp\/v2\/media?parent=35"}],"wp:term":[{"taxonomy":"product_cat","embeddable":true,"href":"https:\/\/africanfish.ca\/fr\/wp-json\/wp\/v2\/product_cat?post=35"},{"taxonomy":"product_tag","embeddable":true,"href":"https:\/\/africanfish.ca\/fr\/wp-json\/wp\/v2\/product_tag?post=35"}],"curies":[{"name":"wp","href":"https:\/\/api.w.org\/{rel}","templated":true}]}}