{"id":359,"date":"2023-05-02T12:08:42","date_gmt":"2023-05-02T17:08:42","guid":{"rendered":"https:\/\/africanfish.ca\/?post_type=product&#038;p=359"},"modified":"2024-05-06T09:01:58","modified_gmt":"2024-05-06T14:01:58","slug":"rouget","status":"publish","type":"product","link":"https:\/\/africanfish.ca\/fr\/produit\/rouget\/","title":{"rendered":"Rouget"},"content":{"rendered":"<p><span style=\"vertical-align: inherit\"><span style=\"vertical-align: inherit\"><span style=\"vertical-align: inherit\"><span style=\"vertical-align: inherit\">Le rouget est un petit poisson de roche qui a plus d&#8217;un atout nutritionnel. <\/span><\/span><\/span><span style=\"vertical-align: inherit\"><span style=\"vertical-align: inherit\"><span style=\"vertical-align: inherit\">Il apporte des prot\u00e9ines d&#8217;une haute valeur biologique, des prot\u00e9ines de qualit\u00e9, bien assimil\u00e9es et utilis\u00e9es par l&#8217;organisme.<\/span><\/span><\/span><\/span><\/p>\n<p><span style=\"vertical-align: inherit\"><span style=\"vertical-align: inherit\"><span style=\"vertical-align: inherit\"><span style=\"vertical-align: inherit\">Ses lipides contiennent une majorit\u00e9 d&#8217;acides gras monoinsatur\u00e9s favorables au syst\u00e8me cardiovasculaire.<\/span><\/span><\/span><\/span><\/p>\n<p><span style=\"vertical-align: inherit\"><span style=\"vertical-align: inherit\"><span style=\"vertical-align: inherit\"><span style=\"vertical-align: inherit\">Il apporte \u00e0 l&#8217;organisme des vitamines de la famille du groupe B, B12, B3 (ou PP), mais aussi des vitamines A,D et E qui participent au bon fonctionnement de l&#8217;organisme. <\/span><\/span><\/span><span style=\"vertical-align: inherit\"><span style=\"vertical-align: inherit\"><span style=\"vertical-align: inherit\">Il est pauvre en mati\u00e8res grasses donc constitue en soit un alli\u00e9 certain pour ceux qui ont un r\u00e9gime alimentaire pauvre en lipides. <\/span><\/span><\/span><span style=\"vertical-align: inherit\"><span style=\"vertical-align: inherit\"><span style=\"vertical-align: inherit\">Sa chaise est fine et savoureuse.<\/span><\/span><\/span><\/span><\/p>\n<p><span style=\"vertical-align: inherit\"><span style=\"vertical-align: inherit\"><span style=\"vertical-align: inherit\"><span style=\"vertical-align: inherit\">Nos poissons sont go\u00fbteux, savoureux, d&#8217;une fra\u00eecheur incomparable et surtout d&#8217;un r\u00e9el atout sant\u00e9 pour vous et vos proches.<\/span><\/span><\/span><\/span><\/p>","protected":false},"excerpt":{"rendered":"<p><span style=\"vertical-align: inherit\"><span style=\"vertical-align: inherit\"><span style=\"vertical-align: inherit\"><span style=\"vertical-align: inherit\">Le rouget est un petit poisson de roche qui a plus d&#8217;un atout nutritionnel. <\/span><\/span><\/span><span style=\"vertical-align: inherit\"><span style=\"vertical-align: inherit\"><span style=\"vertical-align: inherit\">Il apporte des prot\u00e9ines d&#8217;une haute valeur biologique, des prot\u00e9ines de qualit\u00e9, bien assimil\u00e9es et utilis\u00e9es par l&#8217;organisme. <\/span><\/span><\/span><span style=\"vertical-align: inherit\"><span style=\"vertical-align: inherit\"><span style=\"vertical-align: inherit\">Ses lipides contiennent une majorit\u00e9 d&#8217;acides gras monoinsatur\u00e9s favorables au syst\u00e8me cardiovasculaire.<\/span><\/span><\/span><\/span><\/p>","protected":false},"featured_media":367,"comment_status":"open","ping_status":"closed","template":"","meta":[],"product_cat":[42],"product_tag":[],"class_list":{"0":"post-359","1":"product","2":"type-product","3":"status-publish","4":"has-post-thumbnail","6":"product_cat-poissons-frais-congeles","8":"first","9":"instock","10":"featured","11":"taxable","12":"shipping-taxable","13":"product-type-variable","14":"has-default-attributes"},"_links":{"self":[{"href":"https:\/\/africanfish.ca\/fr\/wp-json\/wp\/v2\/product\/359","targetHints":{"allow":["GET"]}}],"collection":[{"href":"https:\/\/africanfish.ca\/fr\/wp-json\/wp\/v2\/product"}],"about":[{"href":"https:\/\/africanfish.ca\/fr\/wp-json\/wp\/v2\/types\/product"}],"replies":[{"embeddable":true,"href":"https:\/\/africanfish.ca\/fr\/wp-json\/wp\/v2\/comments?post=359"}],"version-history":[{"count":4,"href":"https:\/\/africanfish.ca\/fr\/wp-json\/wp\/v2\/product\/359\/revisions"}],"predecessor-version":[{"id":707,"href":"https:\/\/africanfish.ca\/fr\/wp-json\/wp\/v2\/product\/359\/revisions\/707"}],"wp:featuredmedia":[{"embeddable":true,"href":"https:\/\/africanfish.ca\/fr\/wp-json\/wp\/v2\/media\/367"}],"wp:attachment":[{"href":"https:\/\/africanfish.ca\/fr\/wp-json\/wp\/v2\/media?parent=359"}],"wp:term":[{"taxonomy":"product_cat","embeddable":true,"href":"https:\/\/africanfish.ca\/fr\/wp-json\/wp\/v2\/product_cat?post=359"},{"taxonomy":"product_tag","embeddable":true,"href":"https:\/\/africanfish.ca\/fr\/wp-json\/wp\/v2\/product_tag?post=359"}],"curies":[{"name":"wp","href":"https:\/\/api.w.org\/{rel}","templated":true}]}}