{"id":380,"date":"2023-05-03T10:34:49","date_gmt":"2023-05-03T15:34:49","guid":{"rendered":"https:\/\/africanfish.ca\/?post_type=product&#038;p=380"},"modified":"2026-04-12T08:25:17","modified_gmt":"2026-04-12T13:25:17","slug":"carpes-grises-verrugato","status":"publish","type":"product","link":"https:\/\/africanfish.ca\/fr\/produit\/carpes-grises-verrugato\/","title":{"rendered":"Carpes grises \/ Verrugato"},"content":{"rendered":"<p><span style=\"vertical-align: inherit\"><span style=\"vertical-align: inherit\"><span style=\"vertical-align: inherit\"><span style=\"vertical-align: inherit\"><span style=\"vertical-align: inherit\"><span style=\"vertical-align: inherit\">Les carpes grises, elles contiennent 3% de lipides et ses 100 calories pour 100grammes de poisson cru. <\/span><\/span><\/span><\/span><\/span><span style=\"vertical-align: inherit\"><span style=\"vertical-align: inherit\"><span style=\"vertical-align: inherit\"><span style=\"vertical-align: inherit\"><span style=\"vertical-align: inherit\">La carpe est la compagnie id\u00e9ale de tous les r\u00e9gimes amaigrissants et pauvres en cholest\u00e9rol. <\/span><\/span><\/span><\/span><\/span><span style=\"vertical-align: inherit\"><span style=\"vertical-align: inherit\"><span style=\"vertical-align: inherit\"><span style=\"vertical-align: inherit\"><span style=\"vertical-align: inherit\">Poisson consid\u00e9r\u00e9 comme semi-gras, la carpe fournit \u00e0 l&#8217;organisme une source de prot\u00e9ines non n\u00e9gligeable : 18 grammes pour 100 grammes de poisson.<\/span><\/span><\/span><\/span><\/span><\/span><\/p>\n<p><span style=\"vertical-align: inherit\"><span style=\"vertical-align: inherit\"><span style=\"vertical-align: inherit\"><span style=\"vertical-align: inherit\"><span style=\"vertical-align: inherit\"><span style=\"vertical-align: inherit\">AFRICAN FISH maintient chaque jour son ambition de vous fournir du poisson frais et de qualit\u00e9 sup\u00e9rieure.<\/span><\/span><\/span><\/span><\/span><\/span><\/p>\n<p>&nbsp;<\/p>","protected":false},"excerpt":{"rendered":"<p><span style=\"vertical-align: inherit\"><span style=\"vertical-align: inherit\"><span style=\"vertical-align: inherit\"><span style=\"vertical-align: inherit\"><span style=\"vertical-align: inherit\"><span style=\"vertical-align: inherit\">Pour AFRICAN FISH, vous offrir des produits go\u00fbteux et de qualit\u00e9 sup\u00e9rieure est notre leitmotiv.<\/span><\/span><\/span><\/span><\/span><\/span><\/p>\n<p><span style=\"vertical-align: inherit\"><span style=\"vertical-align: inherit\"><span style=\"vertical-align: inherit\"><span style=\"vertical-align: inherit\"><span style=\"vertical-align: inherit\"><span style=\"vertical-align: inherit\">Au barbecue, au four ou \u00e0 la po\u00eale, r\u00e9galez les papilles gustatives de vos convives avec ce poisson tendre et go\u00fbteux.<\/span><\/span><\/span><\/span><\/span><\/span><\/p>","protected":false},"featured_media":383,"comment_status":"open","ping_status":"closed","template":"","meta":[],"product_cat":[42],"product_tag":[],"class_list":{"0":"post-380","1":"product","2":"type-product","3":"status-publish","4":"has-post-thumbnail","6":"product_cat-poissons-frais-congeles","8":"first","9":"instock","10":"featured","11":"taxable","12":"shipping-taxable","13":"product-type-variable","14":"has-default-attributes"},"_links":{"self":[{"href":"https:\/\/africanfish.ca\/fr\/wp-json\/wp\/v2\/product\/380","targetHints":{"allow":["GET"]}}],"collection":[{"href":"https:\/\/africanfish.ca\/fr\/wp-json\/wp\/v2\/product"}],"about":[{"href":"https:\/\/africanfish.ca\/fr\/wp-json\/wp\/v2\/types\/product"}],"replies":[{"embeddable":true,"href":"https:\/\/africanfish.ca\/fr\/wp-json\/wp\/v2\/comments?post=380"}],"version-history":[{"count":6,"href":"https:\/\/africanfish.ca\/fr\/wp-json\/wp\/v2\/product\/380\/revisions"}],"predecessor-version":[{"id":734,"href":"https:\/\/africanfish.ca\/fr\/wp-json\/wp\/v2\/product\/380\/revisions\/734"}],"wp:featuredmedia":[{"embeddable":true,"href":"https:\/\/africanfish.ca\/fr\/wp-json\/wp\/v2\/media\/383"}],"wp:attachment":[{"href":"https:\/\/africanfish.ca\/fr\/wp-json\/wp\/v2\/media?parent=380"}],"wp:term":[{"taxonomy":"product_cat","embeddable":true,"href":"https:\/\/africanfish.ca\/fr\/wp-json\/wp\/v2\/product_cat?post=380"},{"taxonomy":"product_tag","embeddable":true,"href":"https:\/\/africanfish.ca\/fr\/wp-json\/wp\/v2\/product_tag?post=380"}],"curies":[{"name":"wp","href":"https:\/\/api.w.org\/{rel}","templated":true}]}}