{"id":395,"date":"2023-05-03T10:54:44","date_gmt":"2023-05-03T15:54:44","guid":{"rendered":"https:\/\/africanfish.ca\/?post_type=product&#038;p=395"},"modified":"2026-04-12T08:24:33","modified_gmt":"2026-04-12T13:24:33","slug":"barracuda","status":"publish","type":"product","link":"https:\/\/africanfish.ca\/fr\/produit\/barracuda\/","title":{"rendered":"Barracuda"},"content":{"rendered":"<p>Le Barracuda est un poisson qui contient une densit\u00e9 \u00e9nerg\u00e9tique mod\u00e9r\u00e9e. il poss\u00e8de ainsi moins de <b>calories<\/b> par gramme (environ 0.08 cal\/28g). C&#8217;est un <b>poisson<\/b> qui est riche en vitamines et min\u00e9raux (20.5%\/cal). Il est une bonne source de vitamine B12, selenium, vitamin B6, phosphore, potassium et prot\u00e9ine, des alli\u00e9s certains pour une excellente sant\u00e9.<\/p>\n<p>La consommation de poisson barracuda aide \u00e0 la construction rapide de la masse musculaire dans le corps en raison de sa teneur en prot\u00e9ines. Il est\u00a0<b>riche en Vitamine B2 qui aide au bon fonctionnement de l&#8217;organisme<\/b>\u00a0. La vitamine B2 est \u00e9galement essentielle pour pr\u00e9venir l&#8217;hypertension art\u00e9rielle, le diab\u00e8te, les maladies cardiovasculaires et m\u00eame l&#8217;insomnie.<\/p>\n<p>Si vous \u00eates un amoureux de poisson doux et sain \u00e0 la fois, alors vous \u00eates chez AFRICAN FISH \u00e0 la bonne adresse.<\/p>","protected":false},"excerpt":{"rendered":"<p>Le Barracuda est un poisson qui contient une densit\u00e9 \u00e9nerg\u00e9tique mod\u00e9r\u00e9e. il poss\u00e8de ainsi moins de <b>calories<\/b> par gramme (environ 0.08 cal\/28g). C&#8217;est un <b>poisson<\/b> qui est riche en vitamines et min\u00e9raux (20.5%\/cal). Il est une bonne source de vitamine B12, selenium, vitamin B6, phosphore, potassium et prot\u00e9ine, des alli\u00e9s certains pour une excellente sant\u00e9.<\/p>\n<p>Si vous \u00eates un amoureux de poisson doux et sain \u00e0 la fois, alors vous \u00eates chez AFRICAN FISH \u00e0 la bonne adresse.<\/p>","protected":false},"featured_media":394,"comment_status":"open","ping_status":"closed","template":"","meta":[],"product_cat":[42],"product_tag":[],"class_list":{"0":"post-395","1":"product","2":"type-product","3":"status-publish","4":"has-post-thumbnail","6":"product_cat-poissons-frais-congeles","8":"first","9":"outofstock","10":"taxable","11":"shipping-taxable","12":"product-type-variable","13":"has-default-attributes"},"_links":{"self":[{"href":"https:\/\/africanfish.ca\/fr\/wp-json\/wp\/v2\/product\/395","targetHints":{"allow":["GET"]}}],"collection":[{"href":"https:\/\/africanfish.ca\/fr\/wp-json\/wp\/v2\/product"}],"about":[{"href":"https:\/\/africanfish.ca\/fr\/wp-json\/wp\/v2\/types\/product"}],"replies":[{"embeddable":true,"href":"https:\/\/africanfish.ca\/fr\/wp-json\/wp\/v2\/comments?post=395"}],"version-history":[{"count":1,"href":"https:\/\/africanfish.ca\/fr\/wp-json\/wp\/v2\/product\/395\/revisions"}],"predecessor-version":[{"id":445,"href":"https:\/\/africanfish.ca\/fr\/wp-json\/wp\/v2\/product\/395\/revisions\/445"}],"wp:featuredmedia":[{"embeddable":true,"href":"https:\/\/africanfish.ca\/fr\/wp-json\/wp\/v2\/media\/394"}],"wp:attachment":[{"href":"https:\/\/africanfish.ca\/fr\/wp-json\/wp\/v2\/media?parent=395"}],"wp:term":[{"taxonomy":"product_cat","embeddable":true,"href":"https:\/\/africanfish.ca\/fr\/wp-json\/wp\/v2\/product_cat?post=395"},{"taxonomy":"product_tag","embeddable":true,"href":"https:\/\/africanfish.ca\/fr\/wp-json\/wp\/v2\/product_tag?post=395"}],"curies":[{"name":"wp","href":"https:\/\/api.w.org\/{rel}","templated":true}]}}