{"id":398,"date":"2023-05-03T11:01:12","date_gmt":"2023-05-03T16:01:12","guid":{"rendered":"https:\/\/africanfish.ca\/?post_type=product&#038;p=398"},"modified":"2026-04-12T08:24:50","modified_gmt":"2026-04-12T13:24:50","slug":"brochet","status":"publish","type":"product","link":"https:\/\/africanfish.ca\/fr\/produit\/brochet\/","title":{"rendered":"Brochet"},"content":{"rendered":"<p><span style=\"vertical-align: inherit\"><span style=\"vertical-align: inherit\">Le brochet est un poisson qui vit en eau douce. <\/span><span style=\"vertical-align: inherit\">Sa taille peut varier de 50 \u00e0 100 cm et son poids est compris entre 1,5 et 8 kg. <\/span><span style=\"vertical-align: inherit\">Le brochet est un poisson dont la chair fine et go\u00fbteuse est riche en prot\u00e9ines. <\/span><span style=\"vertical-align: inherit\">Il est important de noter que le brochet n&#8217;apporte m\u00eame pas de lipides, cela fait de lui un poisson maigre, il est de ce cas conseill\u00e9 pour ceux qui pratiquent un r\u00e9gime ou souhaitent en pratiquer un. <\/span><span style=\"vertical-align: inherit\">Consommer 100g de brochet apporte 76 kcal.<\/span><\/span><\/p>\n<p><span style=\"vertical-align: inherit\"><span style=\"vertical-align: inherit\">AFRICAN FISH vous offre ainsi qu&#8217;\u00e0 vos proches des produits de qualit\u00e9 sup\u00e9rieure, go\u00fbteux, d&#8217;une fra\u00eecheur \u00e0 nul autre pareil. <\/span><span style=\"vertical-align: inherit\">essayez le et laissez vous conqu\u00e9rir!!!<\/span><\/span><\/p>","protected":false},"excerpt":{"rendered":"<p><span style=\"vertical-align: inherit\"><span style=\"vertical-align: inherit\">AFRICAN FISH vous offre ainsi qu&#8217;\u00e0 vos proches des produits de qualit\u00e9 sup\u00e9rieure, go\u00fbteux, d&#8217;une fra\u00eecheur \u00e0 nul autre pareil. <\/span><span style=\"vertical-align: inherit\">essayez le et laissez vous conqu\u00e9rir!!!<\/span><\/span><\/p>","protected":false},"featured_media":389,"comment_status":"open","ping_status":"closed","template":"","meta":[],"product_cat":[42],"product_tag":[],"class_list":{"0":"post-398","1":"product","2":"type-product","3":"status-publish","4":"has-post-thumbnail","6":"product_cat-poissons-frais-congeles","8":"first","9":"outofstock","10":"taxable","11":"shipping-taxable","12":"product-type-variable","13":"has-default-attributes"},"_links":{"self":[{"href":"https:\/\/africanfish.ca\/fr\/wp-json\/wp\/v2\/product\/398","targetHints":{"allow":["GET"]}}],"collection":[{"href":"https:\/\/africanfish.ca\/fr\/wp-json\/wp\/v2\/product"}],"about":[{"href":"https:\/\/africanfish.ca\/fr\/wp-json\/wp\/v2\/types\/product"}],"replies":[{"embeddable":true,"href":"https:\/\/africanfish.ca\/fr\/wp-json\/wp\/v2\/comments?post=398"}],"version-history":[{"count":2,"href":"https:\/\/africanfish.ca\/fr\/wp-json\/wp\/v2\/product\/398\/revisions"}],"predecessor-version":[{"id":516,"href":"https:\/\/africanfish.ca\/fr\/wp-json\/wp\/v2\/product\/398\/revisions\/516"}],"wp:featuredmedia":[{"embeddable":true,"href":"https:\/\/africanfish.ca\/fr\/wp-json\/wp\/v2\/media\/389"}],"wp:attachment":[{"href":"https:\/\/africanfish.ca\/fr\/wp-json\/wp\/v2\/media?parent=398"}],"wp:term":[{"taxonomy":"product_cat","embeddable":true,"href":"https:\/\/africanfish.ca\/fr\/wp-json\/wp\/v2\/product_cat?post=398"},{"taxonomy":"product_tag","embeddable":true,"href":"https:\/\/africanfish.ca\/fr\/wp-json\/wp\/v2\/product_tag?post=398"}],"curies":[{"name":"wp","href":"https:\/\/api.w.org\/{rel}","templated":true}]}}