{"id":403,"date":"2023-05-03T11:31:10","date_gmt":"2023-05-03T16:31:10","guid":{"rendered":"https:\/\/africanfish.ca\/?post_type=product&#038;p=403"},"modified":"2023-06-28T11:11:38","modified_gmt":"2023-06-28T16:11:38","slug":"sardinelle-yaboi","status":"publish","type":"product","link":"https:\/\/africanfish.ca\/fr\/produit\/sardinelle-yaboi\/","title":{"rendered":"Sardinelle \/ Yaboi"},"content":{"rendered":"<p><span style=\"vertical-align: inherit\"><span style=\"vertical-align: inherit\">La sardinelle est un petit poisson qui regorge de cinq nutriments int\u00e9ressants\u00a0:<\/span><\/span><\/p>\n<ol>\n<li><span style=\"vertical-align: inherit\"><span style=\"vertical-align: inherit\">une prot\u00e9ine d&#8217;excellente qualit\u00e9 pour la croissance et le d\u00e9veloppement humain ;<\/span><\/span><\/li>\n<li><span style=\"vertical-align: inherit\"><span style=\"vertical-align: inherit\">des om\u00e9ga 3, ces acides gras qui jouent un r\u00f4le essentiel dans la r\u00e9duction du risque de maladies cardiovasculaires ;<\/span><\/span><\/li>\n<li><span style=\"vertical-align: inherit\"><span style=\"vertical-align: inherit\">du calcium, un nutriment important pour la solidit\u00e9 du squelette et dont la carence est fr\u00e9quente ;<\/span><\/span><\/li>\n<li><span style=\"vertical-align: inherit\"><span style=\"vertical-align: inherit\">de la vitamine D qui permet, entre autres, de m\u00e9taboliser le calcium ;<\/span><\/span><\/li>\n<li><span style=\"vertical-align: inherit\"><span style=\"vertical-align: inherit\">du s\u00e9l\u00e9nium, un antioxydant qui aide \u00e0 pr\u00e9venir de nombreuses maladies li\u00e9es au vieillissement.<\/span><\/span><\/li>\n<\/ol>\n<p><span style=\"vertical-align: inherit\"><span style=\"vertical-align: inherit\">Dans le cadre d&#8217;une alimentation \u00e9quilibr\u00e9e, il est conseill\u00e9 de consommer une portion de sardinelle, au moins deux fois par semaine, y compris ses nombreuses ar\u00eates afin d&#8217;en tirer tout le calcium.<\/span><\/span><\/p>\n<p><span style=\"vertical-align: inherit\"><span style=\"vertical-align: inherit\">Chez AFRICAN FISH, vous avez l&#8217;assurance de produits frais, go\u00fbteux et sains pour votre sant\u00e9 et celle de votre famille.<\/span><\/span><\/p>","protected":false},"excerpt":{"rendered":"<p><span style=\"vertical-align: inherit\"><span style=\"vertical-align: inherit\">La sardinelle est un petit poisson qui regorge de plusieurs nutriments int\u00e9ressants.<\/span><\/span><\/p>\n<p><span style=\"vertical-align: inherit\"><span style=\"vertical-align: inherit\">Dans le cadre d&#8217;une alimentation \u00e9quilibr\u00e9e, il est conseill\u00e9 de consommer une portion de sardinelle, au moins deux fois par semaine, y compris ses nombreuses ar\u00eates afin d&#8217;en tirer tout le calcium.<\/span><\/span><\/p>\n<p><span style=\"vertical-align: inherit\"><span style=\"vertical-align: inherit\">Chez AFRICAN FISH, vous avez l&#8217;assurance de produits frais, go\u00fbteux et sains pour votre sant\u00e9 et celle de votre famille.<\/span><\/span><\/p>","protected":false},"featured_media":388,"comment_status":"open","ping_status":"closed","template":"","meta":[],"product_cat":[42],"product_tag":[],"class_list":{"0":"post-403","1":"product","2":"type-product","3":"status-publish","4":"has-post-thumbnail","6":"product_cat-poissons-frais-congeles","8":"first","9":"outofstock","10":"taxable","11":"shipping-taxable","12":"product-type-simple"},"_links":{"self":[{"href":"https:\/\/africanfish.ca\/fr\/wp-json\/wp\/v2\/product\/403","targetHints":{"allow":["GET"]}}],"collection":[{"href":"https:\/\/africanfish.ca\/fr\/wp-json\/wp\/v2\/product"}],"about":[{"href":"https:\/\/africanfish.ca\/fr\/wp-json\/wp\/v2\/types\/product"}],"replies":[{"embeddable":true,"href":"https:\/\/africanfish.ca\/fr\/wp-json\/wp\/v2\/comments?post=403"}],"version-history":[{"count":2,"href":"https:\/\/africanfish.ca\/fr\/wp-json\/wp\/v2\/product\/403\/revisions"}],"predecessor-version":[{"id":600,"href":"https:\/\/africanfish.ca\/fr\/wp-json\/wp\/v2\/product\/403\/revisions\/600"}],"wp:featuredmedia":[{"embeddable":true,"href":"https:\/\/africanfish.ca\/fr\/wp-json\/wp\/v2\/media\/388"}],"wp:attachment":[{"href":"https:\/\/africanfish.ca\/fr\/wp-json\/wp\/v2\/media?parent=403"}],"wp:term":[{"taxonomy":"product_cat","embeddable":true,"href":"https:\/\/africanfish.ca\/fr\/wp-json\/wp\/v2\/product_cat?post=403"},{"taxonomy":"product_tag","embeddable":true,"href":"https:\/\/africanfish.ca\/fr\/wp-json\/wp\/v2\/product_tag?post=403"}],"curies":[{"name":"wp","href":"https:\/\/api.w.org\/{rel}","templated":true}]}}