{"id":404,"date":"2023-05-03T11:39:12","date_gmt":"2023-05-03T16:39:12","guid":{"rendered":"https:\/\/africanfish.ca\/?post_type=product&#038;p=404"},"modified":"2026-02-12T14:37:52","modified_gmt":"2026-02-12T19:37:52","slug":"mackerel-apf-thon","status":"publish","type":"product","link":"https:\/\/africanfish.ca\/fr\/produit\/mackerel-apf-thon\/","title":{"rendered":"APF \/Thon"},"content":{"rendered":"<p><span style=\"vertical-align: inherit\"><span style=\"vertical-align: inherit\"><span style=\"vertical-align: inherit\"><span style=\"vertical-align: inherit\"><span style=\"vertical-align: inherit\"><span style=\"vertical-align: inherit\">Le thon a la particularit\u00e9 d&#8217;\u00eatre un poisson b\u00e9n\u00e9fique pour votre sant\u00e9. <\/span><\/span><\/span><\/span><\/span><span style=\"vertical-align: inherit\"><span style=\"vertical-align: inherit\"><span style=\"vertical-align: inherit\"><span style=\"vertical-align: inherit\"><span style=\"vertical-align: inherit\">Il est riche en prot\u00e9ines. <\/span><\/span><\/span><\/span><\/span><span style=\"vertical-align: inherit\"><span style=\"vertical-align: inherit\"><span style=\"vertical-align: inherit\"><span style=\"vertical-align: inherit\"><span style=\"vertical-align: inherit\">Le thon est une v\u00e9ritable source d&#8217;om\u00e9ga-3, de fer et de phosphore, de vitamine du groupe B, de vitamine D. Ses mati\u00e8res grasses, en particulier les acides gras om\u00e9ga-3 des poissons gras, leur conf\u00e8rent des b\u00e9n\u00e9fices incontestables pour la sant\u00e9.<\/span><\/span><\/span><\/span><\/span><\/span><\/p>\n<p><span style=\"vertical-align: inherit\"><span style=\"vertical-align: inherit\"><span style=\"vertical-align: inherit\"><span style=\"vertical-align: inherit\"><span style=\"vertical-align: inherit\"><span style=\"vertical-align: inherit\">Le thon est une excellente source d&#8217;acide eicosapenta\u00e9no\u00efque (AEP) et d&#8217;acide docosahexa\u00e9no\u00efque (ADH), deux acides gras de la famille des om\u00e9ga-3. <\/span><\/span><\/span><\/span><\/span><span style=\"vertical-align: inherit\"><span style=\"vertical-align: inherit\"><span style=\"vertical-align: inherit\"><span style=\"vertical-align: inherit\"><span style=\"vertical-align: inherit\">Ces acides gras pr\u00e9conis\u00e9s comme pr\u00e9curseurs de messages chimiques favorisant un bon fonctionnement des syst\u00e8mes immunitaire, circulatoire et hormonal. <\/span><\/span><\/span><\/span><\/span><span style=\"vertical-align: inherit\"><span style=\"vertical-align: inherit\"><span style=\"vertical-align: inherit\"><span style=\"vertical-align: inherit\"><span style=\"vertical-align: inherit\">Plusieurs \u00e9tudes \u00e9pid\u00e9miologiques et cliniques ont d\u00e9montr\u00e9 que la consommation d&#8217;acides gras om\u00e9ga-3 (provenant majoritairement de poissons gras) exer\u00e7ait des effets favorables sur la sant\u00e9 cardiovasculaire et r\u00e9duisait la mortalit\u00e9 par maladie cardiovasculaire. <\/span><\/span><\/span><\/span><\/span><span style=\"vertical-align: inherit\"><span style=\"vertical-align: inherit\"><span style=\"vertical-align: inherit\"><span style=\"vertical-align: inherit\"><span style=\"vertical-align: inherit\">Ces acides gras sont connus pour agir sur plusieurs plans dans l&#8217;organisme, notamment en r\u00e9v\u00e9lant la tension art\u00e9rielle, les triglyc\u00e9rides sanguins et la formation de caillots sanguins, diminuant ainsi les risques d&#8217;ath\u00e9roscl\u00e9rose.<\/span><\/span><\/span><\/span><\/span><\/span><\/p>\n<p><span style=\"vertical-align: inherit\"><span style=\"vertical-align: inherit\"><span style=\"vertical-align: inherit\"><span style=\"vertical-align: inherit\"><span style=\"vertical-align: inherit\"><span style=\"vertical-align: inherit\">Nos poissons sont frais, gouteux et excellents pour votre sant\u00e9 et celle de votre famille.<\/span><\/span><\/span><\/span><\/span><\/span><\/p>","protected":false},"excerpt":{"rendered":"<p><span style=\"vertical-align: inherit\"><span style=\"vertical-align: inherit\"><span style=\"vertical-align: inherit\"><span style=\"vertical-align: inherit\"><span style=\"vertical-align: inherit\"><span style=\"vertical-align: inherit\">Le thon a la particularit\u00e9 d&#8217;\u00eatre un poisson b\u00e9n\u00e9fique pour votre sant\u00e9. <\/span><\/span><\/span><\/span><\/span><span style=\"vertical-align: inherit\"><span style=\"vertical-align: inherit\"><span style=\"vertical-align: inherit\"><span style=\"vertical-align: inherit\"><span style=\"vertical-align: inherit\">Il est riche en prot\u00e9ines. <\/span><\/span><\/span><\/span><\/span><span style=\"vertical-align: inherit\"><span style=\"vertical-align: inherit\"><span style=\"vertical-align: inherit\"><span style=\"vertical-align: inherit\"><span style=\"vertical-align: inherit\">Le thon est une v\u00e9ritable source d&#8217;om\u00e9ga-3, de fer et de phosphore, de vitamine du groupe B, de vitamine D. Ses mati\u00e8res grasses, en particulier les acides gras om\u00e9ga-3 des poissons gras, leur conf\u00e8rent des b\u00e9n\u00e9fices incontestables pour la sant\u00e9.<\/span><\/span><\/span><\/span><\/span><\/span><\/p>","protected":false},"featured_media":495,"comment_status":"open","ping_status":"closed","template":"","meta":[],"product_cat":[42],"product_tag":[],"class_list":{"0":"post-404","1":"product","2":"type-product","3":"status-publish","4":"has-post-thumbnail","6":"product_cat-poissons-frais-congeles","8":"first","9":"outofstock","10":"taxable","11":"shipping-taxable","12":"product-type-variable","13":"has-default-attributes"},"_links":{"self":[{"href":"https:\/\/africanfish.ca\/fr\/wp-json\/wp\/v2\/product\/404","targetHints":{"allow":["GET"]}}],"collection":[{"href":"https:\/\/africanfish.ca\/fr\/wp-json\/wp\/v2\/product"}],"about":[{"href":"https:\/\/africanfish.ca\/fr\/wp-json\/wp\/v2\/types\/product"}],"replies":[{"embeddable":true,"href":"https:\/\/africanfish.ca\/fr\/wp-json\/wp\/v2\/comments?post=404"}],"version-history":[{"count":4,"href":"https:\/\/africanfish.ca\/fr\/wp-json\/wp\/v2\/product\/404\/revisions"}],"predecessor-version":[{"id":592,"href":"https:\/\/africanfish.ca\/fr\/wp-json\/wp\/v2\/product\/404\/revisions\/592"}],"wp:featuredmedia":[{"embeddable":true,"href":"https:\/\/africanfish.ca\/fr\/wp-json\/wp\/v2\/media\/495"}],"wp:attachment":[{"href":"https:\/\/africanfish.ca\/fr\/wp-json\/wp\/v2\/media?parent=404"}],"wp:term":[{"taxonomy":"product_cat","embeddable":true,"href":"https:\/\/africanfish.ca\/fr\/wp-json\/wp\/v2\/product_cat?post=404"},{"taxonomy":"product_tag","embeddable":true,"href":"https:\/\/africanfish.ca\/fr\/wp-json\/wp\/v2\/product_tag?post=404"}],"curies":[{"name":"wp","href":"https:\/\/api.w.org\/{rel}","templated":true}]}}